{"id":13983,"date":"2024-06-25T17:03:46","date_gmt":"2024-06-25T16:03:46","guid":{"rendered":"https:\/\/vrtec-sezana.si\/?page_id=13983"},"modified":"2024-06-25T17:03:47","modified_gmt":"2024-06-25T16:03:47","slug":"zakljucno-srecanje-v-skupini-sloncki","status":"publish","type":"page","link":"https:\/\/vrtec-sezana.si\/?page_id=13983","title":{"rendered":"Zaklju\u010dno sre\u010danje v skupini Slon\u010dki"},"content":{"rendered":"","protected":true},"excerpt":{"rendered":"","protected":true},"author":10,"featured_media":0,"parent":0,"menu_order":0,"comment_status":"closed","ping_status":"closed","template":"","meta":{"footnotes":""},"_links":{"self":[{"href":"https:\/\/vrtec-sezana.si\/index.php?rest_route=\/wp\/v2\/pages\/13983"}],"collection":[{"href":"https:\/\/vrtec-sezana.si\/index.php?rest_route=\/wp\/v2\/pages"}],"about":[{"href":"https:\/\/vrtec-sezana.si\/index.php?rest_route=\/wp\/v2\/types\/page"}],"author":[{"embeddable":true,"href":"https:\/\/vrtec-sezana.si\/index.php?rest_route=\/wp\/v2\/users\/10"}],"replies":[{"embeddable":true,"href":"https:\/\/vrtec-sezana.si\/index.php?rest_route=%2Fwp%2Fv2%2Fcomments&post=13983"}],"version-history":[{"count":1,"href":"https:\/\/vrtec-sezana.si\/index.php?rest_route=\/wp\/v2\/pages\/13983\/revisions"}],"predecessor-version":[{"id":13996,"href":"https:\/\/vrtec-sezana.si\/index.php?rest_route=\/wp\/v2\/pages\/13983\/revisions\/13996"}],"wp:attachment":[{"href":"https:\/\/vrtec-sezana.si\/index.php?rest_route=%2Fwp%2Fv2%2Fmedia&parent=13983"}],"curies":[{"name":"wp","href":"https:\/\/api.w.org\/{rel}","templated":true}]}}