{"id":12792,"date":"2024-06-01T20:27:27","date_gmt":"2024-06-01T19:27:27","guid":{"rendered":"https:\/\/vrtec-sezana.si\/?page_id=12792"},"modified":"2024-06-01T20:27:27","modified_gmt":"2024-06-01T19:27:27","slug":"obisk-osnovne-sole-srecka-kosovela-sezana-in-priprava-na-lazji-prehod-v-solske-klopi-2","status":"publish","type":"page","link":"https:\/\/vrtec-sezana.si\/?page_id=12792","title":{"rendered":"Obisk osnovne \u0161ole Sre\u010dka Kosovela Se\u017eana in priprava na la\u017eji prehod v \u0161olske klopi"},"content":{"rendered":"","protected":true},"excerpt":{"rendered":"","protected":true},"author":20,"featured_media":0,"parent":0,"menu_order":0,"comment_status":"closed","ping_status":"closed","template":"","meta":{"footnotes":""},"_links":{"self":[{"href":"https:\/\/vrtec-sezana.si\/index.php?rest_route=\/wp\/v2\/pages\/12792"}],"collection":[{"href":"https:\/\/vrtec-sezana.si\/index.php?rest_route=\/wp\/v2\/pages"}],"about":[{"href":"https:\/\/vrtec-sezana.si\/index.php?rest_route=\/wp\/v2\/types\/page"}],"author":[{"embeddable":true,"href":"https:\/\/vrtec-sezana.si\/index.php?rest_route=\/wp\/v2\/users\/20"}],"replies":[{"embeddable":true,"href":"https:\/\/vrtec-sezana.si\/index.php?rest_route=%2Fwp%2Fv2%2Fcomments&post=12792"}],"version-history":[{"count":1,"href":"https:\/\/vrtec-sezana.si\/index.php?rest_route=\/wp\/v2\/pages\/12792\/revisions"}],"predecessor-version":[{"id":12796,"href":"https:\/\/vrtec-sezana.si\/index.php?rest_route=\/wp\/v2\/pages\/12792\/revisions\/12796"}],"wp:attachment":[{"href":"https:\/\/vrtec-sezana.si\/index.php?rest_route=%2Fwp%2Fv2%2Fmedia&parent=12792"}],"curies":[{"name":"wp","href":"https:\/\/api.w.org\/{rel}","templated":true}]}}