{"id":12733,"date":"2024-05-31T14:08:48","date_gmt":"2024-05-31T13:08:48","guid":{"rendered":"https:\/\/vrtec-sezana.si\/?page_id=12733"},"modified":"2024-05-31T14:08:48","modified_gmt":"2024-05-31T13:08:48","slug":"obisk-psicke-pikice-iz-tack-pomagack","status":"publish","type":"page","link":"https:\/\/vrtec-sezana.si\/?page_id=12733","title":{"rendered":"Obisk psi\u010dke Pikice iz Ta\u010dk pomaga\u010dk"},"content":{"rendered":"","protected":true},"excerpt":{"rendered":"","protected":true},"author":16,"featured_media":0,"parent":0,"menu_order":0,"comment_status":"closed","ping_status":"closed","template":"","meta":{"footnotes":""},"_links":{"self":[{"href":"https:\/\/vrtec-sezana.si\/index.php?rest_route=\/wp\/v2\/pages\/12733"}],"collection":[{"href":"https:\/\/vrtec-sezana.si\/index.php?rest_route=\/wp\/v2\/pages"}],"about":[{"href":"https:\/\/vrtec-sezana.si\/index.php?rest_route=\/wp\/v2\/types\/page"}],"author":[{"embeddable":true,"href":"https:\/\/vrtec-sezana.si\/index.php?rest_route=\/wp\/v2\/users\/16"}],"replies":[{"embeddable":true,"href":"https:\/\/vrtec-sezana.si\/index.php?rest_route=%2Fwp%2Fv2%2Fcomments&post=12733"}],"version-history":[{"count":1,"href":"https:\/\/vrtec-sezana.si\/index.php?rest_route=\/wp\/v2\/pages\/12733\/revisions"}],"predecessor-version":[{"id":12752,"href":"https:\/\/vrtec-sezana.si\/index.php?rest_route=\/wp\/v2\/pages\/12733\/revisions\/12752"}],"wp:attachment":[{"href":"https:\/\/vrtec-sezana.si\/index.php?rest_route=%2Fwp%2Fv2%2Fmedia&parent=12733"}],"curies":[{"name":"wp","href":"https:\/\/api.w.org\/{rel}","templated":true}]}}