{"id":11994,"date":"2024-05-02T14:02:32","date_gmt":"2024-05-02T13:02:32","guid":{"rendered":"https:\/\/vrtec-sezana.si\/?page_id=11994"},"modified":"2024-05-02T14:05:06","modified_gmt":"2024-05-02T13:05:06","slug":"srecanje-s-starsi-v-skupini-zajcki","status":"publish","type":"page","link":"https:\/\/vrtec-sezana.si\/?page_id=11994","title":{"rendered":"Sre\u010danje s star\u0161i v skupini Zaj\u010dki"},"content":{"rendered":"","protected":true},"excerpt":{"rendered":"","protected":true},"author":31,"featured_media":0,"parent":0,"menu_order":0,"comment_status":"closed","ping_status":"closed","template":"","meta":{"footnotes":""},"_links":{"self":[{"href":"https:\/\/vrtec-sezana.si\/index.php?rest_route=\/wp\/v2\/pages\/11994"}],"collection":[{"href":"https:\/\/vrtec-sezana.si\/index.php?rest_route=\/wp\/v2\/pages"}],"about":[{"href":"https:\/\/vrtec-sezana.si\/index.php?rest_route=\/wp\/v2\/types\/page"}],"author":[{"embeddable":true,"href":"https:\/\/vrtec-sezana.si\/index.php?rest_route=\/wp\/v2\/users\/31"}],"replies":[{"embeddable":true,"href":"https:\/\/vrtec-sezana.si\/index.php?rest_route=%2Fwp%2Fv2%2Fcomments&post=11994"}],"version-history":[{"count":2,"href":"https:\/\/vrtec-sezana.si\/index.php?rest_route=\/wp\/v2\/pages\/11994\/revisions"}],"predecessor-version":[{"id":12017,"href":"https:\/\/vrtec-sezana.si\/index.php?rest_route=\/wp\/v2\/pages\/11994\/revisions\/12017"}],"wp:attachment":[{"href":"https:\/\/vrtec-sezana.si\/index.php?rest_route=%2Fwp%2Fv2%2Fmedia&parent=11994"}],"curies":[{"name":"wp","href":"https:\/\/api.w.org\/{rel}","templated":true}]}}