{"id":11900,"date":"2024-04-30T22:35:02","date_gmt":"2024-04-30T21:35:02","guid":{"rendered":"https:\/\/vrtec-sezana.si\/?page_id=11900"},"modified":"2024-04-30T22:35:02","modified_gmt":"2024-04-30T21:35:02","slug":"usvajanje-barv-in-stevil-od-1-do-5-z-didakticnimi-igracami","status":"publish","type":"page","link":"https:\/\/vrtec-sezana.si\/?page_id=11900","title":{"rendered":"Usvajanje barv in \u0161tevil od 1 do 5 z didakti\u010dnimi igra\u010dami"},"content":{"rendered":"","protected":true},"excerpt":{"rendered":"","protected":true},"author":23,"featured_media":11916,"parent":0,"menu_order":0,"comment_status":"closed","ping_status":"closed","template":"","meta":{"footnotes":""},"_links":{"self":[{"href":"https:\/\/vrtec-sezana.si\/index.php?rest_route=\/wp\/v2\/pages\/11900"}],"collection":[{"href":"https:\/\/vrtec-sezana.si\/index.php?rest_route=\/wp\/v2\/pages"}],"about":[{"href":"https:\/\/vrtec-sezana.si\/index.php?rest_route=\/wp\/v2\/types\/page"}],"author":[{"embeddable":true,"href":"https:\/\/vrtec-sezana.si\/index.php?rest_route=\/wp\/v2\/users\/23"}],"replies":[{"embeddable":true,"href":"https:\/\/vrtec-sezana.si\/index.php?rest_route=%2Fwp%2Fv2%2Fcomments&post=11900"}],"version-history":[{"count":1,"href":"https:\/\/vrtec-sezana.si\/index.php?rest_route=\/wp\/v2\/pages\/11900\/revisions"}],"predecessor-version":[{"id":11917,"href":"https:\/\/vrtec-sezana.si\/index.php?rest_route=\/wp\/v2\/pages\/11900\/revisions\/11917"}],"wp:featuredmedia":[{"embeddable":true,"href":"https:\/\/vrtec-sezana.si\/index.php?rest_route=\/wp\/v2\/media\/11916"}],"wp:attachment":[{"href":"https:\/\/vrtec-sezana.si\/index.php?rest_route=%2Fwp%2Fv2%2Fmedia&parent=11900"}],"curies":[{"name":"wp","href":"https:\/\/api.w.org\/{rel}","templated":true}]}}