{"id":10976,"date":"2024-04-18T10:40:34","date_gmt":"2024-04-18T09:40:34","guid":{"rendered":"https:\/\/vrtec-sezana.si\/?page_id=10976"},"modified":"2024-04-18T10:47:58","modified_gmt":"2024-04-18T09:47:58","slug":"okolju-prijazno-ciscenje-vrtec-sezana","status":"publish","type":"page","link":"https:\/\/vrtec-sezana.si\/?page_id=10976","title":{"rendered":"OKOLJU PRIJAZNO \u010cI\u0160\u010cENJE &#8211; VRTEC SE\u017dANA"},"content":{"rendered":"\n<div style=\"height:50px\" aria-hidden=\"true\" class=\"wp-block-spacer\"><\/div>\n\n\n\n<h2 class=\"wp-block-heading\">OKOLJU PRIJAZNO \u010cI\u0160\u010cENJE &#8211; VRTEC SE\u017dANA<\/h2>\n\n\n\n<div style=\"height:50px\" aria-hidden=\"true\" class=\"wp-block-spacer\"><\/div>\n\n\n\n<p>Razpisna dokumentacija:\u00a0<a rel=\"noreferrer noopener\" href=\"https:\/\/www.enarocanje.si\/api\/datoteka\/get?id=Mjc3ODYyO1BvdmFiaWxvIGsgc29kZWxvdmFuanVfVnJ0ZWNTZXphbmEuemlw\" target=\"_blank\"><strong><mark style=\"background-color:rgba(0, 0, 0, 0);color:#1d96aa\" class=\"has-inline-color\">https:\/\/www.enarocanje.si\/api\/datoteka\/get?id=Mjc3ODYyO1BvdmFiaWxvIGsgc29kZWxvdmFuanVfVnJ0ZWNTZXphbmEuemlw<\/mark><\/strong><\/a><\/p>\n\n\n\n<div style=\"height:400px\" aria-hidden=\"true\" class=\"wp-block-spacer\"><\/div>\n","protected":false},"excerpt":{"rendered":"<p>OKOLJU PRIJAZNO \u010cI\u0160\u010cENJE &#8211; VRTEC SE\u017dANA Razpisna dokumentacija:\u00a0https:\/\/www.enarocanje.si\/api\/datoteka\/get?id=Mjc3ODYyO1BvdmFiaWxvIGsgc29kZWxvdmFuanVfVnJ0ZWNTZXphbmEuemlw<\/p>\n","protected":false},"author":1,"featured_media":0,"parent":0,"menu_order":0,"comment_status":"closed","ping_status":"closed","template":"page-builder-template.php","meta":{"footnotes":""},"_links":{"self":[{"href":"https:\/\/vrtec-sezana.si\/index.php?rest_route=\/wp\/v2\/pages\/10976"}],"collection":[{"href":"https:\/\/vrtec-sezana.si\/index.php?rest_route=\/wp\/v2\/pages"}],"about":[{"href":"https:\/\/vrtec-sezana.si\/index.php?rest_route=\/wp\/v2\/types\/page"}],"author":[{"embeddable":true,"href":"https:\/\/vrtec-sezana.si\/index.php?rest_route=\/wp\/v2\/users\/1"}],"replies":[{"embeddable":true,"href":"https:\/\/vrtec-sezana.si\/index.php?rest_route=%2Fwp%2Fv2%2Fcomments&post=10976"}],"version-history":[{"count":5,"href":"https:\/\/vrtec-sezana.si\/index.php?rest_route=\/wp\/v2\/pages\/10976\/revisions"}],"predecessor-version":[{"id":10987,"href":"https:\/\/vrtec-sezana.si\/index.php?rest_route=\/wp\/v2\/pages\/10976\/revisions\/10987"}],"wp:attachment":[{"href":"https:\/\/vrtec-sezana.si\/index.php?rest_route=%2Fwp%2Fv2%2Fmedia&parent=10976"}],"curies":[{"name":"wp","href":"https:\/\/api.w.org\/{rel}","templated":true}]}}